{"id":28,"date":"2024-04-22T04:36:27","date_gmt":"2024-04-22T04:36:27","guid":{"rendered":"https:\/\/demo.farost.net\/luxria\/?page_id=28"},"modified":"2025-06-06T17:30:48","modified_gmt":"2025-06-06T17:30:48","slug":"services","status":"publish","type":"page","link":"https:\/\/solinterior.co\/esp\/home\/services\/","title":{"rendered":"Servicios"},"content":{"rendered":"<div data-elementor-type=\"wp-page\" data-elementor-id=\"28\" class=\"elementor elementor-28\">\n\t\t\t\t<div class=\"elementor-element elementor-element-1053847 e-con-full-no-space e-flex e-con e-parent\" data-id=\"1053847\" data-element_type=\"container\" data-settings=\"{&quot;content_width&quot;:&quot;full-no-space&quot;}\">\r\n\t\t\t\t<div class=\"elementor-element elementor-element-0655b36 elementor-widget elementor-widget-cms_products_showcase\" data-id=\"0655b36\" data-element_type=\"widget\" data-widget_type=\"cms_products_showcase.default\">\n\t\t\t\t<div class=\"elementor-widget-container\">\n\t\t\t<div class=\"cms-hidden-mobile\">\r\n            <div class=\"cms-showcases cms-showcases-2 cms-multiScroll cms-multiScroll-split cursor-mouse-black\" data-settings=\"\" data-class=\"cms-multiScroll-1\" data-menu-class=\"cms-hidden-mobile\">\r\n            <div class=\"ms-left\">\r\n                                    <div class=\"ms-section cms-section-img bg-#455337 elementor-repeater-item-93e5539\">\r\n                        <div class=\"cms-showcase-banner h-100 d-flex align-items-end text-center\">\r\n                            <img loading=\"lazy\" decoding=\"async\" width=\"960\" height=\"1080\" src=\"https:\/\/solinterior.co\/wp-content\/uploads\/elementor\/thumbs\/Quantum-Therapies-Dark-qysibdzacsw9sjoiiy1hfj61i6j6t5hrkoh8r3dkxc.jpg\" alt=\"Quantum Therapies - Dark\" class=\"cms-lazy lazy-loading img-cover\" \/>                        <div class=\"banner-heading cms-heading text-85 text-mobile-extra-50 absolute center text-white w-100 p-lr-20\"><h3>Terapias Cu\u00e1nticas<\/h3><h5 class=\"translation-block\">Terapias cu\u00e1nticas de alineaci\u00f3n del ser con su sol interior\nSesi\u00f3n de 35 minutos, virtual o presencial   \nA trav\u00e9s de un estado elevado de consciencia donde la mente deja de existir, gracias a la conexi\u00f3n con el maestro Juan de la Luz, recibo los mensajes que tus gu\u00edas tienen para ti.<br>\nTerapia enfocada en la energ\u00eda esencial de tu ser, un viaje al interior de tus memorias, descubriendo quien\u00e9n eres en realidad. <br>\nEnciende tu sol interior para empezar a descubrir lo que te limita de brillar desde tu ser real.<\/h5><br \/>\n<\/div>\r\n                                            <\/div>\r\n                    <\/div>\r\n                                    <div class=\"ms-section cms-section-img bg-#455337 elementor-repeater-item-baf0f70\">\r\n                        <div class=\"cms-showcase-banner h-100 d-flex align-items-end text-center\">\r\n                                                    <div class=\"cms-banner-small absolute center\"><img loading=\"lazy\" decoding=\"async\" width=\"400\" height=\"600\" src=\"https:\/\/solinterior.co\/wp-content\/uploads\/elementor\/thumbs\/IMG_2519-scaled-qvqs8wdj9p763awsxl1j0z7knxo92q1u0g7cuoyttc.jpg\" alt=\"IMG_2519\" class=\"cms-lazy lazy-loading cms-radius-tltr-200\" \/>                        <\/div>\r\n                                                <\/div>\r\n                    <\/div>\r\n                                    <div class=\"ms-section cms-section-img bg-#455337 elementor-repeater-item-f4ee980\">\r\n                        <div class=\"cms-showcase-banner h-100 d-flex align-items-end text-center\">\r\n                            <img loading=\"lazy\" decoding=\"async\" width=\"960\" height=\"1080\" src=\"https:\/\/solinterior.co\/wp-content\/uploads\/elementor\/thumbs\/MG_6597-HDR-qvqsb1ghnpc96vmbok9ipsm6vjy430ywiazv0v90kw.jpg\" alt=\"_MG_6597-HDR\" class=\"cms-lazy lazy-loading img-cover\" \/>                        <div class=\"banner-heading cms-heading text-85 text-mobile-extra-50 absolute center text-white w-100 p-lr-20\"><h3>Decoraci\u00f3n interior<\/h3><h5 class=\"translation-block\">Nada es aleatorio, cada textura, objeto y color tienen un prop\u00f3sito: una colecci\u00f3n de fragmentos de nuestro pasado provocan un sentimiento de conexi\u00f3n. Limpiamos las emociones de nuestras memorias para cultivar seguridad en nuestro presente.<br>\n<br>\nLa b\u00fasqueda de tesoros es una selecci\u00f3n de piezas energ\u00e9ticamente alineadas a la esencia que potencializan la energ\u00eda del ser, acompa\u00f1ada de la cotizaci\u00f3n de proveedores para la armonizaci\u00f3n energ\u00e9tica del espacio de acuerdo al presupuesto del cliente.<br>\n<br>\n\u2022 Lista y cotizaci\u00f3n de los elementos decorativos<\/h5><br \/>\n<\/div>\r\n                                            <\/div>\r\n                    <\/div>\r\n                                    <div class=\"ms-section cms-section-img bg-#455337 elementor-repeater-item-a4b380d\">\r\n                        <div class=\"cms-showcase-banner h-100 d-flex align-items-end text-center\">\r\n                                                    <div class=\"cms-banner-small absolute center\"><img loading=\"lazy\" decoding=\"async\" width=\"400\" height=\"600\" src=\"https:\/\/solinterior.co\/wp-content\/uploads\/elementor\/thumbs\/IMG_4016-scaled-qvqs9h1zg1zh6q2rktzbjtzpqeubs2bxfak1es460g.jpeg\" alt=\"IMG_4016\" class=\"cms-lazy lazy-loading cms-radius-tltr-200\" \/>                        <\/div>\r\n                                                <\/div>\r\n                    <\/div>\r\n                                    <div class=\"ms-section cms-section-img bg-#455337 elementor-repeater-item-98dc847\">\r\n                        <div class=\"cms-showcase-banner h-100 d-flex align-items-end text-center\">\r\n                            <img loading=\"lazy\" decoding=\"async\" width=\"960\" height=\"1080\" src=\"https:\/\/solinterior.co\/wp-content\/uploads\/elementor\/thumbs\/Furniture-Design-Dark-qysiprwcyil9hos7inwx3eh0thmfmdlv7vxs6k1now.jpg\" alt=\"Furniture Design - Dark\" class=\"cms-lazy lazy-loading img-cover\" \/>                        <div class=\"banner-heading cms-heading text-85 text-mobile-extra-50 absolute center text-white w-100 p-lr-20\"><h3 class=\"translation-block\">Dise\u00f1o y fabricaci\u00f3n <br>de mobiliario<\/h3><h5>Servicio de dise\u00f1o de piezas de mobiliario \u00fanicas, personalizadas, de acuerdo a la esencia y funcionalidad del usuario. Opci\u00f3n de fabricaci\u00f3n con nosotros o entrega del archivo de la ficha t\u00e9cnica del dise\u00f1o con sus respectivos detalles para su elaboraci\u00f3n personal. <\/h5><br \/>\n<\/div>\r\n                                            <\/div>\r\n                    <\/div>\r\n                                    <div class=\"ms-section cms-section-img bg-#455337 elementor-repeater-item-52eba83\">\r\n                        <div class=\"cms-showcase-banner h-100 d-flex align-items-end text-center\">\r\n                                                    <div class=\"cms-banner-small absolute center\"><img loading=\"lazy\" decoding=\"async\" width=\"400\" height=\"600\" src=\"https:\/\/solinterior.co\/wp-content\/uploads\/elementor\/thumbs\/MG_5904-e1733843370569-qyb3sxsbb2ceu7gif3vlb7mxlzpueqh0r9dp0pmkq8.jpg\" alt=\"_MG_5904\" class=\"cms-lazy lazy-loading cms-radius-tltr-200\" \/>                        <\/div>\r\n                                                <\/div>\r\n                    <\/div>\r\n                            <\/div>\r\n            <div class=\"ms-right\">\r\n                                    <div class=\"ms-section cms-section-img bg-#455337 elementor-repeater-item-93e5539\">\r\n                        <div class=\"cms-showcase-banner h-100 relative d-flex align-items-end justify-content-end text-center\">                        <div class=\"cms-banner-small absolute center\"><img loading=\"lazy\" decoding=\"async\" width=\"400\" height=\"600\" src=\"https:\/\/solinterior.co\/wp-content\/uploads\/elementor\/thumbs\/MG_5834-Enhanced-NR-qvqsainj1fey34k5ha8ebki5htp0byh6wgnglukf3k.jpg\" alt=\"_MG_5834-Enhanced-NR\" class=\"cms-lazy lazy-loading cms-radius-tltr-200\" \/>                        <\/div>\r\n                        <\/div>\r\n                    <\/div>\r\n                                    <div class=\"ms-section cms-section-img bg-#455337 elementor-repeater-item-baf0f70\">\r\n                        <div class=\"cms-showcase-banner h-100 relative d-flex align-items-end justify-content-end text-center\"><img loading=\"lazy\" decoding=\"async\" width=\"960\" height=\"1080\" src=\"https:\/\/solinterior.co\/wp-content\/uploads\/elementor\/thumbs\/Renovations-Dark-qysi6rlur4kipke6ig4io75gczb7yq59xt0at489io.jpeg\" alt=\"Renovations - Dark\" class=\"cms-lazy lazy-loading img-cover\" \/>                        <div class=\"banner-heading cms-heading text-85 text-mobile-extra-50 absolute center text-white w-100 p-lr-20\"><h3>Remodelaciones<\/h3><h5 class=\"translation-block\">Alineaci\u00f3n de la distribuci\u00f3n energ\u00e9tica del espacio y composici\u00f3n de los elementos para un flujo \u00f3ptimo, en base a la informaci\u00f3n que se aterriza en la sesi\u00f3n cu\u00e1ntica.<br>\n<br>\nNuestro equipo desarrolla y ubica lo que tu espacio necesita de una manera consciente y responsable para convertirlo en un veh\u00edculo que potencializa tu prop\u00f3sito esencial. <br>\n<br>\n\u2022 Propuesta de Obra Civil (render)<br>\n\u2022 Compra de objetos decorativos<br>\n\u2022 Producci\u00f3n de muebles<br>\n\u2022 Composici\u00f3n de los elementos en el espacio<br><\/h5><br \/>\n<\/div>\r\n                    <\/div>\r\n                    <\/div>\r\n                                    <div class=\"ms-section cms-section-img bg-#455337 elementor-repeater-item-f4ee980\">\r\n                        <div class=\"cms-showcase-banner h-100 relative d-flex align-items-end justify-content-end text-center\">                        <div class=\"cms-banner-small absolute center\"><img loading=\"lazy\" decoding=\"async\" width=\"400\" height=\"600\" src=\"https:\/\/solinterior.co\/wp-content\/uploads\/elementor\/thumbs\/MG_6812-qvqsb9wujmg9ftgk240ktvmipzynj6heo7kjivg034.jpg\" alt=\"_MG_6812\" class=\"cms-lazy lazy-loading cms-radius-tltr-200\" \/>                        <\/div>\r\n                        <\/div>\r\n                    <\/div>\r\n                                    <div class=\"ms-section cms-section-img bg-#455337 elementor-repeater-item-a4b380d\">\r\n                        <div class=\"cms-showcase-banner h-100 relative d-flex align-items-end justify-content-end text-center\"><img loading=\"lazy\" decoding=\"async\" width=\"960\" height=\"1080\" src=\"https:\/\/solinterior.co\/wp-content\/uploads\/elementor\/thumbs\/Consulting-Dark-qysijm2g5m5ldpqfi00yqyg8mjzt5t57pdz6x96khc.jpeg\" alt=\"Consulting - Dark\" class=\"cms-lazy lazy-loading img-cover\" \/>                        <div class=\"banner-heading cms-heading text-85 text-mobile-extra-50 absolute center text-white w-100 p-lr-20\"><h3>Asesor\u00edas<\/h3><h5 class=\"translation-block\">Si est\u00e1s creando tu proyecto y necesitas acompa\u00f1amiento en tu proceso, podemos apoyarte en las elecciones importantes para que puedas mantenerte conectada al prop\u00f3sito. Despu\u00e9s de realizar el Opening Canvas, tendremos una interpretaci\u00f3n del espacio para la armonizaci\u00f3n de la energ\u00eda. Te ofrecemos consultor\u00edas personalizadas en iluminaci\u00f3n, colores, objetos, mobiliario, paisajismo y plantas de interior. Te ofrecemos asesoramiento en flujo energ\u00e9tico, distribuci\u00f3n del mobiliario, composici\u00f3n de los elementos decorativos para la funcionalidad y disfrute de los usuarios o habitantes.<br>\n<br>\n\u2022 Visita presencial o virtual<br>\n\u2022 Consultor\u00eda por horas<br>\n\u2022 Supervisi\u00f3n de la implementaci\u00f3n por horas<br>\n*No incluye dise\u00f1o de mobiliario<br><\/h5><br \/>\n<\/div>\r\n                    <\/div>\r\n                    <\/div>\r\n                                    <div class=\"ms-section cms-section-img bg-#455337 elementor-repeater-item-98dc847\">\r\n                        <div class=\"cms-showcase-banner h-100 relative d-flex align-items-end justify-content-end text-center\">                        <div class=\"cms-banner-small absolute center\"><img loading=\"lazy\" decoding=\"async\" width=\"400\" height=\"600\" src=\"https:\/\/solinterior.co\/wp-content\/uploads\/elementor\/thumbs\/IMG_0632-scaled-qvqsboy9kz0ulkupmailxrtw85wiyc542a0b7atpbk.jpg\" alt=\"IMG_0632\" class=\"cms-lazy lazy-loading cms-radius-tltr-200\" \/>                        <\/div>\r\n                        <\/div>\r\n                    <\/div>\r\n                                    <div class=\"ms-section cms-section-img bg-#455337 elementor-repeater-item-52eba83\">\r\n                        <div class=\"cms-showcase-banner h-100 relative d-flex align-items-end justify-content-end text-center\"><img loading=\"lazy\" decoding=\"async\" width=\"960\" height=\"1080\" src=\"https:\/\/solinterior.co\/wp-content\/uploads\/elementor\/thumbs\/Lanndscaping-Dark-qysivmg7helhqcadd6xclxc9vssniktqou2jojdgz4.jpg\" alt=\"Lanndscaping - Dark\" class=\"cms-lazy lazy-loading img-cover\" \/>                        <div class=\"banner-heading cms-heading text-85 text-mobile-extra-50 absolute center text-white w-100 p-lr-20\"><h3>Paisajismo <br>Espacios vivos<\/h3><h5>En la tierra se percibe la integralidad, en ella se puede observar la sabidur\u00eda integrada, la energ\u00eda y su flujo perfecto; la simbiosis, la conexi\u00f3n entre cada ser que genera un perfecto ecosistema. Esta es la sabidur\u00eda que muestra la verdadera sostenibilidad que se alimenta de s\u00ed misma.\nA trav\u00e9s de esta sabidur\u00eda creamos espacios vivos y en armon\u00eda desde la celebraci\u00f3n de la vida.<br>\n<br>\n\u2022 Jardines verticales<br>\n\u2022 Techos verdes<br>\n\u2022 Terrazas<br>\n\u2022 Huertas<br>\n\u2022 Jardines<br>\n\u2022 Plantas de interior<br><br \/>\nThrough this wisdom we create alive spaces in harmony from the celebration of life.<br \/>\n\u2022 Vertical gardens<br \/>\n\u2022 Green roofs<br \/>\n\u2022 Terraces<br \/>\n\u2022 Orchards<br \/>\n\u2022 Gardens<br \/>\n\u2022 Inside plants<\/h5><br \/>\n<\/div>\r\n                    <\/div>\r\n                    <\/div>\r\n                            <\/div>\r\n        <\/div>\r\n    <\/div>\r\n<div class=\"cms-hidden-min-mobile-extra\">\r\n    <div class=\"cms-lazy lazy-loading cms-bg-cover cms-showcase-banner2 relative p-40 p-lr-smobile-20 d-flex justify-content-center text-center\" style=\"--cms-bg-lazyload:url(https:\/\/solinterior.co\/wp-content\/uploads\/2024\/12\/Quantum-Therapies-Dark.jpg);background-image:var(--cms-bg-lazyload-loaded)\" data-as-background=\"yes\">            <div class=\"cms-banner-small\"><img loading=\"lazy\" decoding=\"async\" width=\"400\" height=\"600\" src=\"https:\/\/solinterior.co\/wp-content\/uploads\/elementor\/thumbs\/MG_5834-Enhanced-NR-qvqsainj1fey34k5ha8ebki5htp0byh6wgnglukf3k.jpg\" alt=\"_MG_5834-Enhanced-NR\" class=\"cms-lazy lazy-loading cms-radius-tltr-200\" \/>            <\/div>\r\n        <\/div>    <div class=\"cms-lazy lazy-loading cms-bg-cover cms-showcase-banner2 relative p-40 p-lr-smobile-20 d-flex justify-content-center text-center\" style=\"--cms-bg-lazyload:url(https:\/\/solinterior.co\/wp-content\/uploads\/2024\/12\/Renovations-Dark.jpeg);background-image:var(--cms-bg-lazyload-loaded)\" data-as-background=\"yes\">            <div class=\"cms-banner-small\"><img loading=\"lazy\" decoding=\"async\" width=\"400\" height=\"600\" src=\"https:\/\/solinterior.co\/wp-content\/uploads\/elementor\/thumbs\/IMG_2519-scaled-qvqs8wdj9p763awsxl1j0z7knxo92q1u0g7cuoyttc.jpg\" alt=\"IMG_2519\" class=\"cms-lazy lazy-loading cms-radius-tltr-200\" \/>            <\/div>\r\n        <\/div>    <div class=\"cms-lazy lazy-loading cms-bg-cover cms-showcase-banner2 relative p-40 p-lr-smobile-20 d-flex justify-content-center text-center\" style=\"--cms-bg-lazyload:url(https:\/\/solinterior.co\/wp-content\/uploads\/2024\/10\/MG_6597-HDR.jpg);background-image:var(--cms-bg-lazyload-loaded)\" data-as-background=\"yes\">            <div class=\"cms-banner-small\"><img loading=\"lazy\" decoding=\"async\" width=\"400\" height=\"600\" src=\"https:\/\/solinterior.co\/wp-content\/uploads\/elementor\/thumbs\/MG_6812-qvqsb9wujmg9ftgk240ktvmipzynj6heo7kjivg034.jpg\" alt=\"_MG_6812\" class=\"cms-lazy lazy-loading cms-radius-tltr-200\" \/>            <\/div>\r\n        <\/div>    <div class=\"cms-lazy lazy-loading cms-bg-cover cms-showcase-banner2 relative p-40 p-lr-smobile-20 d-flex justify-content-center text-center\" style=\"--cms-bg-lazyload:url(https:\/\/solinterior.co\/wp-content\/uploads\/2024\/12\/Consulting-Dark.jpeg);background-image:var(--cms-bg-lazyload-loaded)\" data-as-background=\"yes\">            <div class=\"cms-banner-small\"><img loading=\"lazy\" decoding=\"async\" width=\"400\" height=\"600\" src=\"https:\/\/solinterior.co\/wp-content\/uploads\/elementor\/thumbs\/IMG_4016-scaled-qvqs9h1zg1zh6q2rktzbjtzpqeubs2bxfak1es460g.jpeg\" alt=\"IMG_4016\" class=\"cms-lazy lazy-loading cms-radius-tltr-200\" \/>            <\/div>\r\n        <\/div>    <div class=\"cms-lazy lazy-loading cms-bg-cover cms-showcase-banner2 relative p-40 p-lr-smobile-20 d-flex justify-content-center text-center\" style=\"--cms-bg-lazyload:url(https:\/\/solinterior.co\/wp-content\/uploads\/2024\/12\/Furniture-Design-Dark.jpg);background-image:var(--cms-bg-lazyload-loaded)\" data-as-background=\"yes\">            <div class=\"cms-banner-small\"><img loading=\"lazy\" decoding=\"async\" width=\"400\" height=\"600\" src=\"https:\/\/solinterior.co\/wp-content\/uploads\/elementor\/thumbs\/IMG_0632-scaled-qvqsboy9kz0ulkupmailxrtw85wiyc542a0b7atpbk.jpg\" alt=\"IMG_0632\" class=\"cms-lazy lazy-loading cms-radius-tltr-200\" \/>            <\/div>\r\n        <\/div>    <div class=\"cms-lazy lazy-loading cms-bg-cover cms-showcase-banner2 relative p-40 p-lr-smobile-20 d-flex justify-content-center text-center\" style=\"--cms-bg-lazyload:url(https:\/\/solinterior.co\/wp-content\/uploads\/2024\/12\/Lanndscaping-Dark.jpg);background-image:var(--cms-bg-lazyload-loaded)\" data-as-background=\"yes\">            <div class=\"cms-banner-small\"><img loading=\"lazy\" decoding=\"async\" width=\"400\" height=\"600\" src=\"https:\/\/solinterior.co\/wp-content\/uploads\/elementor\/thumbs\/MG_5904-e1733843370569-qyb3sxsbb2ceu7gif3vlb7mxlzpueqh0r9dp0pmkq8.jpg\" alt=\"_MG_5904\" class=\"cms-lazy lazy-loading cms-radius-tltr-200\" \/>            <\/div>\r\n        <\/div>    <\/div>\t\t<\/div>\n\t\t\t\t<\/div>\n\t\t\t\t<\/div>\r\n\t\t\t\t<\/div>","protected":false},"excerpt":{"rendered":"<p>Quantum therapies Aligning the being with its inner sun 35-minute session, virtual or in person Through an elevated state of consciousness where the mind ceases to exist thanks to the connection with master Juan de la Luz, I receive the messages that your guides have for you. Therapy focused on the essential energy of your [&hellip;]<\/p>","protected":false},"author":1,"featured_media":0,"parent":21,"menu_order":3,"comment_status":"closed","ping_status":"closed","template":"","meta":{"footnotes":""},"class_list":["post-28","page","type-page","status-publish","hentry"],"_links":{"self":[{"href":"https:\/\/solinterior.co\/esp\/wp-json\/wp\/v2\/pages\/28"}],"collection":[{"href":"https:\/\/solinterior.co\/esp\/wp-json\/wp\/v2\/pages"}],"about":[{"href":"https:\/\/solinterior.co\/esp\/wp-json\/wp\/v2\/types\/page"}],"author":[{"embeddable":true,"href":"https:\/\/solinterior.co\/esp\/wp-json\/wp\/v2\/users\/1"}],"replies":[{"embeddable":true,"href":"https:\/\/solinterior.co\/esp\/wp-json\/wp\/v2\/comments?post=28"}],"version-history":[{"count":112,"href":"https:\/\/solinterior.co\/esp\/wp-json\/wp\/v2\/pages\/28\/revisions"}],"predecessor-version":[{"id":2726,"href":"https:\/\/solinterior.co\/esp\/wp-json\/wp\/v2\/pages\/28\/revisions\/2726"}],"up":[{"embeddable":true,"href":"https:\/\/solinterior.co\/esp\/wp-json\/wp\/v2\/pages\/21"}],"wp:attachment":[{"href":"https:\/\/solinterior.co\/esp\/wp-json\/wp\/v2\/media?parent=28"}],"curies":[{"name":"wp","href":"https:\/\/api.w.org\/{rel}","templated":true}]}}