{"id":44,"date":"2024-04-22T04:43:13","date_gmt":"2024-04-22T04:43:13","guid":{"rendered":"https:\/\/demo.farost.net\/luxria\/?page_id=44"},"modified":"2024-12-20T08:27:10","modified_gmt":"2024-12-20T08:27:10","slug":"contact","status":"publish","type":"page","link":"https:\/\/solinterior.co\/esp\/home\/contact\/","title":{"rendered":"Contacto"},"content":{"rendered":"<div data-elementor-type=\"wp-page\" data-elementor-id=\"44\" class=\"elementor elementor-44\">\n\t\t\t\t<div class=\"elementor-element elementor-element-28c0b2f e-flex e-con-boxed e-con e-parent\" data-id=\"28c0b2f\" data-element_type=\"container\" data-settings=\"{&quot;background_background&quot;:&quot;classic&quot;,&quot;content_width&quot;:&quot;boxed&quot;}\">\r\n\t\t\t\t\t<div class=\"e-con-inner\">\r\n\t\t\t\t<div class=\"elementor-element elementor-element-7324d74 cms-eptitle-header-transparent-yes elementor-widget elementor-widget-cms_page_title\" data-id=\"7324d74\" data-element_type=\"widget\" data-widget_type=\"cms_page_title.default\">\n\t\t\t\t<div class=\"elementor-widget-container\">\n\t\t\t<div class=\"cms-eptitle-overlay cms-overlay cms-bg-parallax cms-lazy\" style=\"--cms-bg-lazyload:url();background-image:var(--cms-bg-lazyload-loaded);\"><\/div>\n<div class=\"cms-eptitle cms-eptitle-1 relative z-top text-center\">\n\t<div class=\"cms-content container text-center d-flex justify-content-center\">\n\t\t<div class=\"cms--content d-flex justify-content-center\">\n\t\t\t<div class=\"cms-small-title mt-n7 pb-15 w-100 text-15 text-uppercase text-white ls-06 empty-none\"><\/div>\n\t\t\t<h1 class=\"cms-title lh-108 text-85 text-tablet-50 text-smobile-40 text-white w-100 empty-none\">Contacto<\/h1>\n\t\t\t<div class=\"cms-desc pt-20 w-100 text-17 font-700 text-white empty-none\"><\/div>\n\t\t\t<div class=\"d-flex gap empty-none w-100 pt-35 justify-content-center\" style=\"--cms-gap:30px;--cms-gap-tablet:30px;--cms-gap-mobile:20px;\"><\/div>\n\t\t<\/div>\n\t<\/div>\n<\/div>\t\t<\/div>\n\t\t\t\t<\/div>\n\t\t\t\t\t<\/div>\r\n\t\t\t\t<\/div>\r\n\t\t<div class=\"elementor-element elementor-element-904ff99 p-tb-90 p-tb-tablet-20 e-flex e-con-boxed e-con e-parent\" data-id=\"904ff99\" data-element_type=\"container\" data-settings=\"{&quot;content_width&quot;:&quot;boxed&quot;}\">\r\n\t\t\t\t\t<div class=\"e-con-inner\">\r\n\t\t<div class=\"elementor-element elementor-element-517818e e-con-full e-flex elementor-invisible e-con e-child\" data-id=\"517818e\" data-element_type=\"container\" data-settings=\"{&quot;content_width&quot;:&quot;full&quot;,&quot;animation&quot;:&quot;fadeInLeft&quot;}\">\r\n\t\t\t\t<div class=\"elementor-element elementor-element-07288e5 elementor-widget elementor-widget-cms_quickcontact\" data-id=\"07288e5\" data-element_type=\"widget\" data-widget_type=\"cms_quickcontact.default\">\n\t\t\t\t<div class=\"elementor-widget-container\">\n\t\t\t<div class=\"cms-eqc cms-eqc-4\">\n\t\t\t<div class=\"cms-title cms-heading text-accent-regular text-22 pb-10\">Informaci\u00f3n de contacto<\/div>\n\t\t<a class=\"cms-eqc-item d-flex align-items-center gap-10  cms-email text-primary text-hover-accent text-15\" href=\"mailto:hola@solinterior.co\" target=\"_blank\">\n\t\t<span class=\"cms-email-title cms-icon-color text-accent\">Email:<\/span>\n\t\t<span class=\"cms-email-text\">hola@solinterior.co<\/span>\n\t<\/a>\n\t\t\t<a class=\"cms-eqc-item d-flex align-items-center gap-10  cms-phone text-primary text-hover-accent text-15\" href=\"tel:(+57)3108013817\">\n\t\t\t<span class=\"cms-phone-title cms-icon-color text-accent  empty-none\">Whatsapp:<\/span>\n\t\t\t<span class=\"cms-phone-text\">(+57) 310 801 3817<\/span>\n\t\t<\/a>\n\t\t\t<a class=\"cms-eqc-item  cms-address text-primary text-hover-accent d-block pt-40\" href=\"https:\/\/maps.google.com\/maps?q=Calle%2077%20%23%209-87%2C%20Bogot%C3%A1&amp;t=m&amp;z=14&amp;iwloc=near\" target=\"_blank\">\n\t\t\t<div class=\"cms-address-title cms-heading cms-icon-color text-accent  text-22 pb-10\">Direcci\u00f3n<\/div>\n\t\t\t<div class=\"cms-address-text text-15\">Calle 77 # 9-87, Bogot\u00e1<\/div>\n\t\t<\/a>\n\t<\/div>\t\t<\/div>\n\t\t\t\t<\/div>\n\t\t\t\t<div class=\"elementor-element elementor-element-19f522e pt-20 elementor-widget elementor-widget-cms_social_icons\" data-id=\"19f522e\" data-element_type=\"widget\" data-widget_type=\"cms_social_icons.default\">\n\t\t\t\t<div class=\"elementor-widget-container\">\n\t\t\t<div class=\"text-22 cms-heading text-accent-regular pb-20\">redes sociales<\/div>\n<div class=\"cms-social-icons cms-social-icons-3 d-flex gap-20 text-20\">\n\t\t<a class=\"cms-social-item d-flex align-items-center gap-10 cms-animate-icon  elementor-repeater-item-4e7322f text-accent text-hover-primary text-20\" href=\"https:\/\/facebook.com\" target=\"_blank\">\n\t\t<svg xmlns=\"http:\/\/www.w3.org\/2000\/svg\" width=\"32\" height=\"32\" viewbox=\"0 0 32 32\"><title>facebook-circle-alt<\/title><path d=\"M32 16c0-8.838-7.163-16-16-16s-16 7.162-16 16 7.162 16 16 16c0.094 0 0.188 0 0.281-0.006v-12.45h-3.438v-4.006h3.438v-2.95c0-3.419 2.087-5.281 5.137-5.281 1.462 0 2.719 0.106 3.081 0.156v3.575h-2.1c-1.656 0-1.981 0.787-1.981 1.944v2.55h3.969l-0.519 4.006h-3.45v11.844c6.688-1.919 11.581-8.075 11.581-15.381z\"><\/path><\/svg>\t\t\t<\/a>\n\t\t<a class=\"cms-social-item d-flex align-items-center gap-10 cms-animate-icon  elementor-repeater-item-5d53dc3 text-accent text-hover-primary text-20\" href=\"https:\/\/instagram.com\" target=\"_blank\">\n\t\t<svg xmlns=\"http:\/\/www.w3.org\/2000\/svg\" width=\"28\" height=\"32\" viewbox=\"0 0 28 32\"><title>instagram<\/title><path d=\"M14.006 8.813c-3.975 0-7.181 3.206-7.181 7.181s3.206 7.181 7.181 7.181 7.181-3.206 7.181-7.181-3.206-7.181-7.181-7.181zM14.006 20.663c-2.569 0-4.669-2.094-4.669-4.669s2.094-4.669 4.669-4.669 4.669 2.094 4.669 4.669-2.1 4.669-4.669 4.669zM23.156 8.519c0 0.931-0.75 1.675-1.675 1.675-0.931 0-1.675-0.75-1.675-1.675s0.75-1.675 1.675-1.675 1.675 0.75 1.675 1.675zM27.913 10.219c-0.106-2.244-0.619-4.231-2.262-5.869-1.637-1.638-3.625-2.15-5.869-2.263-2.313-0.131-9.244-0.131-11.556 0-2.237 0.106-4.225 0.619-5.869 2.256s-2.15 3.625-2.263 5.869c-0.131 2.313-0.131 9.244 0 11.556 0.106 2.244 0.619 4.231 2.263 5.869s3.625 2.15 5.869 2.262c2.313 0.131 9.244 0.131 11.556 0 2.244-0.106 4.231-0.619 5.869-2.262 1.637-1.637 2.15-3.625 2.262-5.869 0.131-2.313 0.131-9.238 0-11.55zM24.925 24.25c-0.488 1.225-1.431 2.169-2.663 2.663-1.844 0.731-6.219 0.563-8.256 0.563s-6.419 0.163-8.256-0.563c-1.225-0.488-2.169-1.431-2.663-2.663-0.731-1.844-0.563-6.219-0.563-8.256s-0.163-6.419 0.563-8.256c0.487-1.225 1.431-2.169 2.663-2.662 1.844-0.731 6.219-0.563 8.256-0.563s6.419-0.162 8.256 0.563c1.225 0.487 2.169 1.431 2.663 2.662 0.731 1.844 0.563 6.219 0.563 8.256s0.169 6.419-0.563 8.256z\"><\/path><\/svg>\t\t\t<\/a>\n\t<\/div>\t\t<\/div>\n\t\t\t\t<\/div>\n\t\t\t\t<div class=\"elementor-element elementor-element-2976b20 elementor-widget elementor-widget-spacer\" data-id=\"2976b20\" data-element_type=\"widget\" data-widget_type=\"spacer.default\">\n\t\t\t\t<div class=\"elementor-widget-container\">\n\t\t\t<style>\/*! elementor - v3.21.0 - 18-04-2024 *\/\n.elementor-column .elementor-spacer-inner{height:var(--spacer-size)}.e-con{--container-widget-width:100%}.e-con-inner>.elementor-widget-spacer,.e-con>.elementor-widget-spacer{width:var(--container-widget-width,var(--spacer-size));--align-self:var(--container-widget-align-self,initial);--flex-shrink:0}.e-con-inner>.elementor-widget-spacer>.elementor-widget-container,.e-con>.elementor-widget-spacer>.elementor-widget-container{height:100%;width:100%}.e-con-inner>.elementor-widget-spacer>.elementor-widget-container>.elementor-spacer,.e-con>.elementor-widget-spacer>.elementor-widget-container>.elementor-spacer{height:100%}.e-con-inner>.elementor-widget-spacer>.elementor-widget-container>.elementor-spacer>.elementor-spacer-inner,.e-con>.elementor-widget-spacer>.elementor-widget-container>.elementor-spacer>.elementor-spacer-inner{height:var(--container-widget-height,var(--spacer-size))}.e-con-inner>.elementor-widget-spacer.elementor-widget-empty,.e-con>.elementor-widget-spacer.elementor-widget-empty{position:relative;min-height:22px;min-width:22px}.e-con-inner>.elementor-widget-spacer.elementor-widget-empty .elementor-widget-empty-icon,.e-con>.elementor-widget-spacer.elementor-widget-empty .elementor-widget-empty-icon{position:absolute;top:0;bottom:0;left:0;right:0;margin:auto;padding:0;width:22px;height:22px}<\/style>\t\t<div class=\"elementor-spacer\">\n\t\t\t<div class=\"elementor-spacer-inner\"><\/div>\n\t\t<\/div>\n\t\t\t\t<\/div>\n\t\t\t\t<\/div>\n\t\t\t\t<div class=\"elementor-element elementor-element-3806247 text-start elementor-widget elementor-widget-cms_button\" data-id=\"3806247\" data-element_type=\"widget\" data-widget_type=\"cms_button.default\">\n\t\t\t\t<div class=\"elementor-widget-container\">\n\t\t\t<a class=\"btn btn-primary text-white btn-hover-accent text-hover-white btn-md\" href=\"https:\/\/maps.app.goo.gl\/ikxjyZq4ALEGYMox6\">\n\t\u00bfC\u00f3mo llegar? <\/a>\t\t<\/div>\n\t\t\t\t<\/div>\n\t\t\t\t<\/div>\r\n\t\t<div class=\"elementor-element elementor-element-295061d e-con-full e-flex elementor-invisible e-con e-child\" data-id=\"295061d\" data-element_type=\"container\" data-settings=\"{&quot;content_width&quot;:&quot;full&quot;,&quot;animation&quot;:&quot;fadeInRight&quot;}\">\r\n\t\t\t\t<div class=\"elementor-element elementor-element-8539b56 elementor-widget elementor-widget-cms_contact_form\" data-id=\"8539b56\" data-element_type=\"widget\" data-widget_type=\"cms_contact_form.default\">\n\t\t\t\t<div class=\"elementor-widget-container\">\n\t\t\t<div class=\"cms-ecf7 cms-ecf7-1\">\n\t<h2 class=\"cms-title cms-heading text-36 text-smobile-30 text-accent-regular pb-15 mt-n8 empty-none\">\u00bfC\u00f3mo podemos ayudarte?<\/h2>\n\t<div class=\"cms-desc text-body pb-35 empty-none\">D\u00e9janos saber tus preguntas, opiniones e ideas a trav\u00e9s del formulario a continuaci\u00f3n. Nuestro equipo de soporte se pondr\u00e1 en contacto lo antes posible.<\/div>\n\t\n<div class=\"wpcf7 no-js\" id=\"wpcf7-f669-o1\" lang=\"en-US\" dir=\"ltr\" data-wpcf7-id=\"669\">\n<div class=\"screen-reader-response\"><p role=\"status\" aria-live=\"polite\" aria-atomic=\"true\"><\/p> <ul><\/ul><\/div>\n<form action=\"\/esp\/wp-json\/wp\/v2\/pages\/44#wpcf7-f669-o1\" method=\"post\" class=\"wpcf7-form init\" aria-label=\"Contact form\" novalidate=\"novalidate\" data-status=\"init\" data-trp-original-action=\"\/esp\/wp-json\/wp\/v2\/pages\/44#wpcf7-f669-o1\">\n<div style=\"display: none;\">\n<input type=\"hidden\" name=\"_wpcf7\" value=\"669\" \/>\n<input type=\"hidden\" name=\"_wpcf7_version\" value=\"6.0.6\" \/>\n<input type=\"hidden\" name=\"_wpcf7_locale\" value=\"en_US\" \/>\n<input type=\"hidden\" name=\"_wpcf7_unit_tag\" value=\"wpcf7-f669-o1\" \/>\n<input type=\"hidden\" name=\"_wpcf7_container_post\" value=\"0\" \/>\n<input type=\"hidden\" name=\"_wpcf7_posted_data_hash\" value=\"\" \/>\n<\/div>\n<div class=\"d-flex gutter-20 flex-col-2 flex-col-smobile-1\">\n<span class=\"wpcf7-form-control-wrap\" data-name=\"your-name\"><input size=\"40\" maxlength=\"400\" class=\"wpcf7-form-control wpcf7-text wpcf7-validates-as-required\" autocomplete=\"name\" aria-required=\"true\" aria-invalid=\"false\" placeholder=\"Nombre\" value=\"\" type=\"text\" name=\"your-name\" \/><\/span>\n<span class=\"wpcf7-form-control-wrap\" data-name=\"your-email\"><input size=\"40\" maxlength=\"400\" class=\"wpcf7-form-control wpcf7-email wpcf7-validates-as-required wpcf7-text wpcf7-validates-as-email\" autocomplete=\"email\" aria-required=\"true\" aria-invalid=\"false\" placeholder=\"Correo electr\u00f3nico\" value=\"\" type=\"email\" name=\"your-email\" \/><\/span>\n<span class=\"wpcf7-form-control-wrap\" data-name=\"phone\"><input size=\"40\" maxlength=\"400\" class=\"wpcf7-form-control wpcf7-tel wpcf7-validates-as-required wpcf7-text wpcf7-validates-as-tel\" aria-required=\"true\" aria-invalid=\"false\" placeholder=\"tel\u00e9fono\" value=\"\" type=\"tel\" name=\"phone\" \/><\/span>\n<span class=\"wpcf7-form-control-wrap\" data-name=\"order-number\"><input class=\"wpcf7-form-control wpcf7-number wpcf7-validates-as-required wpcf7-validates-as-number\" aria-required=\"true\" aria-invalid=\"false\" placeholder=\"Order number\" value=\"\" type=\"number\" name=\"order-number\" \/><\/span><\/div>\n<span class=\"wpcf7-form-control-wrap\" data-name=\"your-message\"><textarea cols=\"40\" rows=\"10\" maxlength=\"2000\" class=\"wpcf7-form-control wpcf7-textarea mt-20\" aria-invalid=\"false\" placeholder=\"Mensaje\" name=\"your-message\"><\/textarea><\/span>\n<button class=\"wpcf7-form-control wpcf7-submit mt-30\" type=\"submit\">Enviar<\/button><div class=\"wpcf7-response-output\" aria-hidden=\"true\"><\/div>\n<input type=\"hidden\" name=\"trp-form-language\" value=\"esp\"\/><\/form>\n<\/div>\n\t<div class=\"cms-note pt-30 font-italic text-body empty-none\"><\/div>\n<\/div>\t\t<\/div>\n\t\t\t\t<\/div>\n\t\t\t\t<\/div>\r\n\t\t\t\t\t<\/div>\r\n\t\t\t\t<\/div>\r\n\t\t<div class=\"elementor-element elementor-element-0f5495d e-flex e-con-boxed e-con e-parent\" data-id=\"0f5495d\" data-element_type=\"container\" data-settings=\"{&quot;content_width&quot;:&quot;boxed&quot;}\">\r\n\t\t\t\t\t<div class=\"e-con-inner\">\r\n\t\t\t\t\t<\/div>\r\n\t\t\t\t<\/div>\r\n\t\t\t\t<\/div>","protected":false},"excerpt":{"rendered":"<p>Contact Contact Info Email: hola@solinterior.co Whatsapp: (+57) 310 801 3817 Address Calle 77 # 9-87, Bogot\u00e1 Social Media facebook-circle-alt instagram Need directions? How can we help? Let us know your questions, thoughts and ideas via the form beolw. Our suport team get back ot you as soon as posible. Submit<\/p>","protected":false},"author":1,"featured_media":0,"parent":21,"menu_order":7,"comment_status":"closed","ping_status":"closed","template":"","meta":{"footnotes":""},"class_list":["post-44","page","type-page","status-publish","hentry"],"_links":{"self":[{"href":"https:\/\/solinterior.co\/esp\/wp-json\/wp\/v2\/pages\/44"}],"collection":[{"href":"https:\/\/solinterior.co\/esp\/wp-json\/wp\/v2\/pages"}],"about":[{"href":"https:\/\/solinterior.co\/esp\/wp-json\/wp\/v2\/types\/page"}],"author":[{"embeddable":true,"href":"https:\/\/solinterior.co\/esp\/wp-json\/wp\/v2\/users\/1"}],"replies":[{"embeddable":true,"href":"https:\/\/solinterior.co\/esp\/wp-json\/wp\/v2\/comments?post=44"}],"version-history":[{"count":70,"href":"https:\/\/solinterior.co\/esp\/wp-json\/wp\/v2\/pages\/44\/revisions"}],"predecessor-version":[{"id":2054,"href":"https:\/\/solinterior.co\/esp\/wp-json\/wp\/v2\/pages\/44\/revisions\/2054"}],"up":[{"embeddable":true,"href":"https:\/\/solinterior.co\/esp\/wp-json\/wp\/v2\/pages\/21"}],"wp:attachment":[{"href":"https:\/\/solinterior.co\/esp\/wp-json\/wp\/v2\/media?parent=44"}],"curies":[{"name":"wp","href":"https:\/\/api.w.org\/{rel}","templated":true}]}}